{"id":724,"date":"2017-03-13T15:11:55","date_gmt":"2017-03-13T13:11:55","guid":{"rendered":"https:\/\/sodankyla-kunta.dev\/?page_id=724"},"modified":"2017-11-09T16:05:56","modified_gmt":"2017-11-09T14:05:56","slug":"ilmoita-uusi-yritys","status":"publish","type":"page","link":"https:\/\/www.utsjoki.fi\/yritysrekisteri\/ilmoita-uusi-yritys\/","title":{"rendered":"Ilmoita uusi yritys"},"content":{"rendered":"<p>&nbsp;<\/p>\n<p>&nbsp;<\/p>\n","protected":false},"excerpt":{"rendered":"<p>&nbsp; &nbsp;<\/p>\n","protected":false},"author":1,"featured_media":0,"parent":0,"menu_order":0,"comment_status":"closed","ping_status":"closed","template":"templates\/yritysrekisteri.php","meta":{"_acf_changed":false,"inline_featured_image":false,"footnotes":""},"class_list":["post-724","page","type-page","status-publish","hentry"],"acf":{"sivun_kentat":[{"acf_fc_layout":"otsikko","ylikirjoita_otsikko":"","alaotsikko":"","ylaotsikko":"","nayta_alaotsikko":false,"nayta_ylaotsikko":false,"otsikon_tyyppi":"page_title","osio_taustavari":"","osio_taustakuva":false,"top_padding":"large","bottom_padding":"medium","top_margin":"none","bottom_margin":"none","piilota_elementti":false,"osion_leveys":"grid","sisaltoalueen_leveys":"large-12 medium-12","lisaa_reunamarginaali":true,"lisaa_id":"","lisaa_luokka":""},{"acf_fc_layout":"ingressi","ingressi":"T\u00e4ll\u00e4 sivulla voit lis\u00e4t\u00e4 uuden yrityksen tiedot palveluhakemistoon. T\u00e4yt\u00e4 yrityksen tiedot<br \/>\r\nja paina l\u00e4het\u00e4. Varmistamme tiedot ennen niiden lis\u00e4\u00e4mist\u00e4 luetteloon. Saat s\u00e4hk\u00f6postiisi tunnukset, jolla p\u00e4\u00e4set viimeistelem\u00e4\u00e4n ja julkaisemaan yrityksesi profiilin. Hakemistoon liittyminen on t\u00e4ysin maksutonta. ","osio_taustavari":"","osio_taustakuva":false,"top_padding":"none","bottom_padding":"medium","top_margin":"none","bottom_margin":"none","piilota_elementti":false,"osion_leveys":"grid","sisaltoalueen_leveys":"large-12 medium-12","lisaa_id":"","lisaa_luokka":""},{"acf_fc_layout":"shortcode","otsikko":"","shortcode":"[ilmoita_uusi_yritys_form]","echo_shortcode":false,"print_element_html_wrapper":false,"top_padding":"none","bottom_padding":"medium","top_margin":"none","bottom_margin":"none","piilota_elementti":false,"osion_leveys":"grid","sisaltoalueen_leveys":"large-12 medium-12","lisaa_id":"","lisaa_luokka":""}]},"pure_taxonomies":[],"_links":{"self":[{"href":"https:\/\/www.utsjoki.fi\/yritysrekisteri\/wp-json\/wp\/v2\/pages\/724","targetHints":{"allow":["GET"]}}],"collection":[{"href":"https:\/\/www.utsjoki.fi\/yritysrekisteri\/wp-json\/wp\/v2\/pages"}],"about":[{"href":"https:\/\/www.utsjoki.fi\/yritysrekisteri\/wp-json\/wp\/v2\/types\/page"}],"author":[{"embeddable":true,"href":"https:\/\/www.utsjoki.fi\/yritysrekisteri\/wp-json\/wp\/v2\/users\/1"}],"replies":[{"embeddable":true,"href":"https:\/\/www.utsjoki.fi\/yritysrekisteri\/wp-json\/wp\/v2\/comments?post=724"}],"version-history":[{"count":0,"href":"https:\/\/www.utsjoki.fi\/yritysrekisteri\/wp-json\/wp\/v2\/pages\/724\/revisions"}],"wp:attachment":[{"href":"https:\/\/www.utsjoki.fi\/yritysrekisteri\/wp-json\/wp\/v2\/media?parent=724"}],"curies":[{"name":"wp","href":"https:\/\/api.w.org\/{rel}","templated":true}]}}