{"id":735,"date":"2017-03-15T06:37:07","date_gmt":"2017-03-15T04:37:07","guid":{"rendered":"https:\/\/sodankyla-kunta.dev\/?page_id=735"},"modified":"2017-03-15T06:37:07","modified_gmt":"2017-03-15T04:37:07","slug":"yrityksesi-tiedot-on-vastaanotettu","status":"publish","type":"page","link":"https:\/\/www.utsjoki.fi\/yritysrekisteri\/yrityksesi-tiedot-on-vastaanotettu\/","title":{"rendered":"Yrityksesi tiedot on vastaanotettu"},"content":{"rendered":"<p>&nbsp;<\/p>\n<p>&nbsp;<\/p>\n","protected":false},"excerpt":{"rendered":"<p>&nbsp; &nbsp;<\/p>\n","protected":false},"author":1,"featured_media":0,"parent":0,"menu_order":0,"comment_status":"closed","ping_status":"closed","template":"templates\/yritysrekisteri.php","meta":{"_acf_changed":false,"inline_featured_image":false,"footnotes":""},"class_list":["post-735","page","type-page","status-publish","hentry"],"acf":{"sivun_kentat":[{"acf_fc_layout":"otsikko","ylikirjoita_otsikko":"","alaotsikko":"","ylaotsikko":"","nayta_alaotsikko":false,"nayta_ylaotsikko":false,"otsikon_tyyppi":"page_title","osio_taustavari":"","osio_taustakuva":false,"top_padding":"large","bottom_padding":"medium","top_margin":"none","bottom_margin":"none","piilota_elementti":false,"osion_leveys":"grid","sisaltoalueen_leveys":"large-12 medium-12","lisaa_reunamarginaali":true,"lisaa_id":"","lisaa_luokka":""},{"acf_fc_layout":"ingressi","ingressi":"Kiitos kun j\u00e4tit tietosi Sodankyl\u00e4n kunnan yritysrekisteriin. Moderaattori tarkistaa sy\u00f6tt\u00e4m\u00e4si tiedot. Hyv\u00e4ksynn\u00e4n j\u00e4lkeen yrityksesi tiedot alkavat n\u00e4kym\u00e4\u00e4n yritysrekisteriss\u00e4. T\u00e4m\u00e4n j\u00e4lkeen voit lis\u00e4t\u00e4 ja muokata yrityksesi tietoja. Toimialan t\u00e4ydent\u00e4minen on hyv\u00e4 toimenpide.","osio_taustavari":"","osio_taustakuva":false,"top_padding":"none","bottom_padding":"medium","top_margin":"none","bottom_margin":"none","piilota_elementti":false,"osion_leveys":"grid","sisaltoalueen_leveys":"large-12 medium-12","lisaa_id":"","lisaa_luokka":""}]},"pure_taxonomies":[],"_links":{"self":[{"href":"https:\/\/www.utsjoki.fi\/yritysrekisteri\/wp-json\/wp\/v2\/pages\/735","targetHints":{"allow":["GET"]}}],"collection":[{"href":"https:\/\/www.utsjoki.fi\/yritysrekisteri\/wp-json\/wp\/v2\/pages"}],"about":[{"href":"https:\/\/www.utsjoki.fi\/yritysrekisteri\/wp-json\/wp\/v2\/types\/page"}],"author":[{"embeddable":true,"href":"https:\/\/www.utsjoki.fi\/yritysrekisteri\/wp-json\/wp\/v2\/users\/1"}],"replies":[{"embeddable":true,"href":"https:\/\/www.utsjoki.fi\/yritysrekisteri\/wp-json\/wp\/v2\/comments?post=735"}],"version-history":[{"count":0,"href":"https:\/\/www.utsjoki.fi\/yritysrekisteri\/wp-json\/wp\/v2\/pages\/735\/revisions"}],"wp:attachment":[{"href":"https:\/\/www.utsjoki.fi\/yritysrekisteri\/wp-json\/wp\/v2\/media?parent=735"}],"curies":[{"name":"wp","href":"https:\/\/api.w.org\/{rel}","templated":true}]}}